{"id":1518,"date":"2024-11-05T10:08:16","date_gmt":"2024-11-05T10:08:16","guid":{"rendered":"https:\/\/zeromaquina.com\/accesibilidad\/"},"modified":"2025-07-22T14:16:30","modified_gmt":"2025-07-22T14:16:30","slug":"accessibility","status":"publish","type":"page","link":"https:\/\/zeromaquina.com\/en\/accessibility\/","title":{"rendered":"Accesibilidad"},"content":{"rendered":"\t\t<div data-elementor-type=\"wp-page\" data-elementor-id=\"1518\" class=\"elementor elementor-1518 elementor-631\" data-elementor-post-type=\"page\">\n\t\t\t\t<div class=\"elementor-element elementor-element-d1a8e21 e-con-full e-flex e-con e-parent\" data-id=\"d1a8e21\" data-element_type=\"container\" data-settings=\"{&quot;background_background&quot;:&quot;classic&quot;}\">\n\t\t<div class=\"elementor-element elementor-element-3ec13ab e-con-full e-flex e-con e-child\" data-id=\"3ec13ab\" data-element_type=\"container\" data-settings=\"{&quot;background_background&quot;:&quot;video&quot;,&quot;background_video_link&quot;:&quot;https:\\\/\\\/videos.pexels.com\\\/video-files\\\/10922866\\\/10922866-hd_1920_1080_24fps.mp4&quot;,&quot;background_play_on_mobile&quot;:&quot;yes&quot;}\">\n\t\t<div class=\"elementor-background-video-container\">\n\t\t\t\t\t\t\t<video class=\"elementor-background-video-hosted\" autoplay muted playsinline loop><\/video>\n\t\t\t\t\t<\/div>\t\t<div class=\"elementor-element elementor-element-010b621 elementor-widget elementor-widget-heading\" data-id=\"010b621\" data-element_type=\"widget\" data-widget_type=\"heading.default\">\n\t\t\t\t<div class=\"elementor-widget-container\">\n\t\t\t\t\t<h2 class=\"elementor-heading-title elementor-size-default\">Accesibilidad<\/h2>\t\t\t\t<\/div>\n\t\t\t\t<\/div>\n\t\t\t\t<\/div>\n\t\t<div class=\"elementor-element elementor-element-f5f785d e-con-full e-flex e-con e-child\" data-id=\"f5f785d\" data-element_type=\"container\" data-settings=\"{&quot;background_background&quot;:&quot;classic&quot;}\">\n\t\t\t\t<div class=\"elementor-element elementor-element-a132050 elementor-widget elementor-widget-text-editor\" data-id=\"a132050\" data-element_type=\"widget\" data-widget_type=\"text-editor.default\">\n\t\t\t\t<div class=\"elementor-widget-container\">\n\t\t\t\t\t\t\t\t\t<style>\n<\/style>\n<div style=\"\">\n<h1><span>SITUACI\u00d3N DE CUMPLIMIENTO<\/span><\/h1>\n<\/div>\n<div style=\"margin-bottom: 40px;\">\n<p>Este sitio web cumple parcialmente con el RD 1112\/2018 debido a excepciones e incumplimientos. de los aspectos indicados en el punto siguiente. <\/p>\n<\/div>\n<div style=\"margin-bottom: 40px;\">\n<h2>CONTENIDO NO ACCESIBLE<\/h2>\n<p>El contenido recopilado a continuaci\u00f3n no es accesible para:<\/p>\n<ul>\n<li>Incumplimiento del RD 1112\/2018<\/li>\n<li>Podr\u00eda haber algunos aspectos de contraste que no cumplan el m\u00ednimo requerido, 3:1, respecto a los colores.<br>adyacente al fondo de<\/li>\n<li>la secci\u00f3n del sitio web en cuesti\u00f3n. [9 .1.4.11 Contraste no textual] <\/li>\n<li>Es posible que haya algunos elementos no textuales que no est\u00e9n etiquetados correctamente [2 .5.3 Etiqueta num\u00e9rica] y [4.1.2 Nombre y valor de la funci\u00f3n]<\/li>\n<li>Los motores de b\u00fasqueda buscan autom\u00e1ticamente sin necesidad de ordenar ninguna acci\u00f3n al usuario [3 .2.2 Al recibir entradas]<\/li>\n<li>Podr\u00eda haber algunos textos en otro idioma no etiquetados correctamente [3 .1.2 Idioma de las partes]<\/li>\n<li>Podr\u00edan producirse errores ocasionales de edici\u00f3n de c\u00f3digo en algunas p\u00e1ginas web. [4.1.1 Procesamiento]<\/li>\n<li>Cargo desproporcionado \u2013 No aplicable.<\/li>\n<li>El contenido no entra dentro del \u00e1mbito de aplicaci\u00f3n de la legislaci\u00f3n aplicable.<\/li>\n<\/ul>\n<\/div>\n<div style=\"margin-bottom: 40px;\">\n<h2>CONTENIDO NO ACCESIBLE<\/h2>\n<p>Esta declaraci\u00f3n fue preparada el 03\/01\/2025.<br>El m\u00e9todo utilizado para la elaboraci\u00f3n de la declaraci\u00f3n fue una valoraci\u00f3n manual realizada por AVANCEM AMB VOST\u00c8 S.L. (AVANNUBO).<br>La Declaraci\u00f3n de Accesibilidad fue revisada y actualizada en 03\/01\/2025.<br>Si desea llamar nuestra atenci\u00f3n sobre la existencia de un enlace a un sitio web con contenido que considera inapropiado o ilegal, puede contactarnos en alexandro.majcan@gmail.com.<\/p>\n<\/div>\n<div style=\"margin-bottom: 40px;\">\n<h2>PROCEDIMIENTO DE SOLICITUD<\/h2>\n<p>Si una vez presentada una solicitud de informaci\u00f3n accesible o una denuncia \u00e9sta hubiera sido desestimada, no estuvo de acuerdo con la decisi\u00f3n adoptada, o la respuesta no cumpli\u00f3 con los requisitos previstos en el art\u00edculo 12.5, el interesado podr\u00e1 iniciar una reclamaci\u00f3n.<br>Tambi\u00e9n se puede iniciar una reclamaci\u00f3n en el caso que haya transcurrido el plazo de veinte d\u00edas h\u00e1biles sin obtener respuesta.<br>El reclamo puede ser presentados a trav\u00e9s de la Instancia Gen\u00e9rica de la Sede Electr\u00f3nica del Ministerio de Asuntos Econ\u00f3micos y Transformaci\u00f3n Digital, as\u00ed como el resto de opciones contenidas en la Ley 39\/2015, de 1 de octubre, de Procedimiento Administrativo Com\u00fan de las Administraciones P\u00fablicas.<br>Las reclamaciones ser\u00e1n recibidas y procesadas por la Direcci\u00f3n General de Inspecci\u00f3n de Servicios del Ministerio.<\/p>\n<\/div>\n<div style=\"margin-bottom: 40px;\">\n<h2>CONTENIDO OPCIONAL<\/h2>\n<p>Este portal est\u00e1 dise\u00f1ado para poder cambiar el tama\u00f1o del texto y el color, as\u00ed como el fondo de la p\u00e1gina. a trav\u00e9s de las opciones de configuraci\u00f3n est\u00e1ndar del navegador.<br>Si desea cambiar el tama\u00f1o de fuente del texto en los principales navegadores gr\u00e1ficos, utilice lo siguiente men\u00fas: <\/p>\n<p>Internet Explorer, Mozilla y Firefox: Ver &gt; Tama\u00f1o del texto<br>\u00d3pera: Ver &gt; Zoom<br>Safari: Ver &gt; Agrandar el texto<br>Chrome: Controlar la p\u00e1gina actual &gt; Tama\u00f1o del texto<\/p>\n<p>Para cambiar el tama\u00f1o de todo lo que hay en la p\u00e1gina:<\/p>\n<p>Ctrl + + para aumentarlo<br>Ctrl + &#8211; para disminuirlo<br>Ctrl + 0 restaura el tama\u00f1o del texto original<br>Si desea anular la hoja de style o cambiar el color del texto, puede ver la p\u00e1gina C\u00f3mo cambiar Tama\u00f1o de Texto o Colores del WAI, que se puede leer traducido al espa\u00f1ol en C\u00f3mo cambiar el tama\u00f1o del texto o \u00bfColores?<\/p>\n<\/div>\t\t\t\t\t\t\t\t<\/div>\n\t\t\t\t<\/div>\n\t\t\t\t<\/div>\n\t\t\t\t<\/div>\n\t\t\t\t<\/div>\n\t\t","protected":false},"excerpt":{"rendered":"<p>Accesibilidad SITUACI\u00d3N DE CUMPLIMIENTO Este sitio web cumple parcialmente con el RD 1112\/2018 debido a excepciones e incumplimientos. de los [&hellip;]<\/p>\n","protected":false},"author":1,"featured_media":0,"parent":0,"menu_order":0,"comment_status":"closed","ping_status":"closed","template":"","meta":{"site-sidebar-layout":"no-sidebar","site-content-layout":"","ast-site-content-layout":"full-width-container","site-content-style":"default","site-sidebar-style":"default","ast-global-header-display":"","ast-banner-title-visibility":"","ast-main-header-display":"","ast-hfb-above-header-display":"","ast-hfb-below-header-display":"","ast-hfb-mobile-header-display":"","site-post-title":"disabled","ast-breadcrumbs-content":"","ast-featured-img":"disabled","footer-sml-layout":"","theme-transparent-header-meta":"","adv-header-id-meta":"","stick-header-meta":"","header-above-stick-meta":"","header-main-stick-meta":"","header-below-stick-meta":"","astra-migrate-meta-layouts":"default","ast-page-background-enabled":"default","ast-page-background-meta":{"desktop":{"background-color":"var(--ast-global-color-4)","background-image":"","background-repeat":"repeat","background-position":"center center","background-size":"auto","background-attachment":"scroll","background-type":"","background-media":"","overlay-type":"","overlay-color":"","overlay-opacity":"","overlay-gradient":""},"tablet":{"background-color":"","background-image":"","background-repeat":"repeat","background-position":"center center","background-size":"auto","background-attachment":"scroll","background-type":"","background-media":"","overlay-type":"","overlay-color":"","overlay-opacity":"","overlay-gradient":""},"mobile":{"background-color":"","background-image":"","background-repeat":"repeat","background-position":"center center","background-size":"auto","background-attachment":"scroll","background-type":"","background-media":"","overlay-type":"","overlay-color":"","overlay-opacity":"","overlay-gradient":""}},"ast-content-background-meta":{"desktop":{"background-color":"var(--ast-global-color-5)","background-image":"","background-repeat":"repeat","background-position":"center center","background-size":"auto","background-attachment":"scroll","background-type":"","background-media":"","overlay-type":"","overlay-color":"","overlay-opacity":"","overlay-gradient":""},"tablet":{"background-color":"var(--ast-global-color-5)","background-image":"","background-repeat":"repeat","background-position":"center center","background-size":"auto","background-attachment":"scroll","background-type":"","background-media":"","overlay-type":"","overlay-color":"","overlay-opacity":"","overlay-gradient":""},"mobile":{"background-color":"var(--ast-global-color-5)","background-image":"","background-repeat":"repeat","background-position":"center center","background-size":"auto","background-attachment":"scroll","background-type":"","background-media":"","overlay-type":"","overlay-color":"","overlay-opacity":"","overlay-gradient":""}},"footnotes":""},"class_list":["post-1518","page","type-page","status-publish","hentry"],"yoast_head":"<!-- This site is optimized with the Yoast SEO plugin v25.5 - https:\/\/yoast.com\/wordpress\/plugins\/seo\/ -->\n<title>Accesibilidad - Zero Maquina<\/title>\n<meta name=\"robots\" content=\"index, follow, max-snippet:-1, max-image-preview:large, max-video-preview:-1\" \/>\n<link rel=\"canonical\" href=\"https:\/\/zeromaquina.com\/en\/accessibility\/\" \/>\n<meta property=\"og:locale\" content=\"en_US\" \/>\n<meta property=\"og:type\" content=\"article\" \/>\n<meta property=\"og:title\" content=\"Accesibilidad - Zero Maquina\" \/>\n<meta property=\"og:description\" content=\"Accesibilidad SITUACI\u00d3N DE CUMPLIMIENTO Este sitio web cumple parcialmente con el RD 1112\/2018 debido a excepciones e incumplimientos. de los [&hellip;]\" \/>\n<meta property=\"og:url\" content=\"https:\/\/zeromaquina.com\/en\/accessibility\/\" \/>\n<meta property=\"og:site_name\" content=\"Zero Maquina\" \/>\n<meta property=\"article:modified_time\" content=\"2025-07-22T14:16:30+00:00\" \/>\n<meta name=\"twitter:card\" content=\"summary_large_image\" \/>\n<meta name=\"twitter:label1\" content=\"Est. reading time\" \/>\n\t<meta name=\"twitter:data1\" content=\"3 minutes\" \/>\n<script type=\"application\/ld+json\" class=\"yoast-schema-graph\">{\"@context\":\"https:\/\/schema.org\",\"@graph\":[{\"@type\":\"WebPage\",\"@id\":\"https:\/\/zeromaquina.com\/en\/accessibility\/\",\"url\":\"https:\/\/zeromaquina.com\/en\/accessibility\/\",\"name\":\"Accesibilidad - Zero Maquina\",\"isPartOf\":{\"@id\":\"https:\/\/zeromaquina.com\/en\/#website\"},\"datePublished\":\"2024-11-05T10:08:16+00:00\",\"dateModified\":\"2025-07-22T14:16:30+00:00\",\"breadcrumb\":{\"@id\":\"https:\/\/zeromaquina.com\/en\/accessibility\/#breadcrumb\"},\"inLanguage\":\"en-US\",\"potentialAction\":[{\"@type\":\"ReadAction\",\"target\":[\"https:\/\/zeromaquina.com\/en\/accessibility\/\"]}]},{\"@type\":\"BreadcrumbList\",\"@id\":\"https:\/\/zeromaquina.com\/en\/accessibility\/#breadcrumb\",\"itemListElement\":[{\"@type\":\"ListItem\",\"position\":1,\"name\":\"Home\",\"item\":\"https:\/\/zeromaquina.com\/en\/\"},{\"@type\":\"ListItem\",\"position\":2,\"name\":\"Accesibilidad\"}]},{\"@type\":\"WebSite\",\"@id\":\"https:\/\/zeromaquina.com\/en\/#website\",\"url\":\"https:\/\/zeromaquina.com\/en\/\",\"name\":\"Zero Maquina\",\"description\":\"\",\"potentialAction\":[{\"@type\":\"SearchAction\",\"target\":{\"@type\":\"EntryPoint\",\"urlTemplate\":\"https:\/\/zeromaquina.com\/en\/?s={search_term_string}\"},\"query-input\":{\"@type\":\"PropertyValueSpecification\",\"valueRequired\":true,\"valueName\":\"search_term_string\"}}],\"inLanguage\":\"en-US\"}]}<\/script>\n<!-- \/ Yoast SEO plugin. -->","yoast_head_json":{"title":"Accesibilidad - Zero Maquina","robots":{"index":"index","follow":"follow","max-snippet":"max-snippet:-1","max-image-preview":"max-image-preview:large","max-video-preview":"max-video-preview:-1"},"canonical":"https:\/\/zeromaquina.com\/en\/accessibility\/","og_locale":"en_US","og_type":"article","og_title":"Accesibilidad - Zero Maquina","og_description":"Accesibilidad SITUACI\u00d3N DE CUMPLIMIENTO Este sitio web cumple parcialmente con el RD 1112\/2018 debido a excepciones e incumplimientos. de los [&hellip;]","og_url":"https:\/\/zeromaquina.com\/en\/accessibility\/","og_site_name":"Zero Maquina","article_modified_time":"2025-07-22T14:16:30+00:00","twitter_card":"summary_large_image","twitter_misc":{"Est. reading time":"3 minutes"},"schema":{"@context":"https:\/\/schema.org","@graph":[{"@type":"WebPage","@id":"https:\/\/zeromaquina.com\/en\/accessibility\/","url":"https:\/\/zeromaquina.com\/en\/accessibility\/","name":"Accesibilidad - Zero Maquina","isPartOf":{"@id":"https:\/\/zeromaquina.com\/en\/#website"},"datePublished":"2024-11-05T10:08:16+00:00","dateModified":"2025-07-22T14:16:30+00:00","breadcrumb":{"@id":"https:\/\/zeromaquina.com\/en\/accessibility\/#breadcrumb"},"inLanguage":"en-US","potentialAction":[{"@type":"ReadAction","target":["https:\/\/zeromaquina.com\/en\/accessibility\/"]}]},{"@type":"BreadcrumbList","@id":"https:\/\/zeromaquina.com\/en\/accessibility\/#breadcrumb","itemListElement":[{"@type":"ListItem","position":1,"name":"Home","item":"https:\/\/zeromaquina.com\/en\/"},{"@type":"ListItem","position":2,"name":"Accesibilidad"}]},{"@type":"WebSite","@id":"https:\/\/zeromaquina.com\/en\/#website","url":"https:\/\/zeromaquina.com\/en\/","name":"Zero Maquina","description":"","potentialAction":[{"@type":"SearchAction","target":{"@type":"EntryPoint","urlTemplate":"https:\/\/zeromaquina.com\/en\/?s={search_term_string}"},"query-input":{"@type":"PropertyValueSpecification","valueRequired":true,"valueName":"search_term_string"}}],"inLanguage":"en-US"}]}},"_links":{"self":[{"href":"https:\/\/zeromaquina.com\/en\/wp-json\/wp\/v2\/pages\/1518","targetHints":{"allow":["GET"]}}],"collection":[{"href":"https:\/\/zeromaquina.com\/en\/wp-json\/wp\/v2\/pages"}],"about":[{"href":"https:\/\/zeromaquina.com\/en\/wp-json\/wp\/v2\/types\/page"}],"author":[{"embeddable":true,"href":"https:\/\/zeromaquina.com\/en\/wp-json\/wp\/v2\/users\/1"}],"replies":[{"embeddable":true,"href":"https:\/\/zeromaquina.com\/en\/wp-json\/wp\/v2\/comments?post=1518"}],"version-history":[{"count":10,"href":"https:\/\/zeromaquina.com\/en\/wp-json\/wp\/v2\/pages\/1518\/revisions"}],"predecessor-version":[{"id":2985,"href":"https:\/\/zeromaquina.com\/en\/wp-json\/wp\/v2\/pages\/1518\/revisions\/2985"}],"wp:attachment":[{"href":"https:\/\/zeromaquina.com\/en\/wp-json\/wp\/v2\/media?parent=1518"}],"curies":[{"name":"wp","href":"https:\/\/api.w.org\/{rel}","templated":true}]}}